{"id":406,"date":"2019-11-13T12:43:29","date_gmt":"2019-11-13T11:43:29","guid":{"rendered":"http:\/\/konzertchor-koeln.de\/?page_id=406"},"modified":"2025-01-02T12:48:43","modified_gmt":"2025-01-02T11:48:43","slug":"anfahrt","status":"publish","type":"page","link":"https:\/\/konzertchor-koeln.de\/index.php\/proben\/anfahrt\/","title":{"rendered":"Probenort"},"content":{"rendered":"<h1>Probenort<\/h1>\n<h2>Adresse<\/h2>\n<p>Liebfrauenhaus (alternativ in der Liebfrauenkirche direkt nebenan)<br \/>\nAdamsstr. 19<br \/>\n51063 K\u00f6ln<\/p>\n<h2>Stra\u00dfenansicht Liebfrauenhaus<\/h2>\n<h2><img loading=\"lazy\" class=\"alignnone size-medium wp-image-130\" src=\"https:\/\/konzertchor-koeln.de\/wp-content\/uploads\/2018\/10\/liebfrauenhaus-300x86.jpg\" alt=\"\" width=\"300\" height=\"86\" srcset=\"https:\/\/konzertchor-koeln.de\/wp-content\/uploads\/2018\/10\/liebfrauenhaus-300x86.jpg 300w, https:\/\/konzertchor-koeln.de\/wp-content\/uploads\/2018\/10\/liebfrauenhaus.jpg 491w\" sizes=\"(max-width: 300px) 100vw, 300px\" \/><\/h2>\n<h2>Anfahrt<\/h2>\n<p>Mit \u00f6ffentlichen Verkehrsmitteln:<br \/>\nHaltestelle K\u00f6ln, M\u00fclheim Wiener Platz U4, U13, U18<\/p>\n","protected":false},"excerpt":{"rendered":"<p>Probenort Adresse Liebfrauenhaus (alternativ in der Liebfrauenkirche direkt nebenan) Adamsstr. 19 51063 K\u00f6ln Stra\u00dfenansicht Liebfrauenhaus Anfahrt Mit \u00f6ffentlichen Verkehrsmitteln: Haltestelle K\u00f6ln, M\u00fclheim Wiener Platz U4, U13, U18<\/p>\n","protected":false},"author":1,"featured_media":0,"parent":129,"menu_order":2,"comment_status":"closed","ping_status":"closed","template":"","meta":[],"jetpack_sharing_enabled":true,"jetpack_shortlink":"https:\/\/wp.me\/PaplJ7-6y","_links":{"self":[{"href":"https:\/\/konzertchor-koeln.de\/index.php\/wp-json\/wp\/v2\/pages\/406"}],"collection":[{"href":"https:\/\/konzertchor-koeln.de\/index.php\/wp-json\/wp\/v2\/pages"}],"about":[{"href":"https:\/\/konzertchor-koeln.de\/index.php\/wp-json\/wp\/v2\/types\/page"}],"author":[{"embeddable":true,"href":"https:\/\/konzertchor-koeln.de\/index.php\/wp-json\/wp\/v2\/users\/1"}],"replies":[{"embeddable":true,"href":"https:\/\/konzertchor-koeln.de\/index.php\/wp-json\/wp\/v2\/comments?post=406"}],"version-history":[{"count":6,"href":"https:\/\/konzertchor-koeln.de\/index.php\/wp-json\/wp\/v2\/pages\/406\/revisions"}],"predecessor-version":[{"id":1340,"href":"https:\/\/konzertchor-koeln.de\/index.php\/wp-json\/wp\/v2\/pages\/406\/revisions\/1340"}],"up":[{"embeddable":true,"href":"https:\/\/konzertchor-koeln.de\/index.php\/wp-json\/wp\/v2\/pages\/129"}],"wp:attachment":[{"href":"https:\/\/konzertchor-koeln.de\/index.php\/wp-json\/wp\/v2\/media?parent=406"}],"curies":[{"name":"wp","href":"https:\/\/api.w.org\/{rel}","templated":true}]}}